{"id":12738,"date":"2024-10-25T12:14:12","date_gmt":"2024-10-25T10:14:12","guid":{"rendered":"https:\/\/www.candiapark.com\/kontakt\/"},"modified":"2026-04-02T16:15:03","modified_gmt":"2026-04-02T14:15:03","slug":"kontakt","status":"publish","type":"page","link":"https:\/\/www.candiapark.com\/de\/kontakt\/","title":{"rendered":"Kontakt"},"content":{"rendered":"\t\t<div data-elementor-type=\"wp-page\" data-elementor-id=\"12738\" class=\"elementor elementor-12738 elementor-2411\" data-elementor-post-type=\"page\">\n\t\t\t\t<div class=\"elementor-element elementor-element-b8ea01d e-flex e-con-boxed e-con e-parent\" data-id=\"b8ea01d\" data-element_type=\"container\" data-e-type=\"container\" data-settings=\"{&quot;background_background&quot;:&quot;classic&quot;,&quot;jet_parallax_layout_list&quot;:[]}\">\n\t\t\t\t\t<div class=\"e-con-inner\">\n\t\t<div class=\"elementor-element elementor-element-dd58654 e-con-full e-flex e-con e-child\" data-id=\"dd58654\" data-element_type=\"container\" data-e-type=\"container\" data-settings=\"{&quot;jet_parallax_layout_list&quot;:[]}\">\n\t\t\t\t<\/div>\n\t\t<div class=\"elementor-element elementor-element-08fbcda e-con-full e-flex e-con e-child\" data-id=\"08fbcda\" data-element_type=\"container\" data-e-type=\"container\" data-settings=\"{&quot;jet_parallax_layout_list&quot;:[]}\">\n\t\t\t\t<div class=\"elementor-element elementor-element-0a7e7fc elementor-widget elementor-widget-heading\" data-id=\"0a7e7fc\" data-element_type=\"widget\" data-e-type=\"widget\" data-widget_type=\"heading.default\">\n\t\t\t\t<div class=\"elementor-widget-container\">\n\t\t\t\t\t<div class=\"elementor-heading-title elementor-size-default\">KONTAKTIEREN SIE UNS<\/div>\t\t\t\t<\/div>\n\t\t\t\t<\/div>\n\t\t\t\t<div class=\"elementor-element elementor-element-f5e6dd4 elementor-widget elementor-widget-heading\" data-id=\"f5e6dd4\" data-element_type=\"widget\" data-e-type=\"widget\" data-widget_type=\"heading.default\">\n\t\t\t\t<div class=\"elementor-widget-container\">\n\t\t\t\t\t<h1 class=\"elementor-heading-title elementor-size-default\">Jetzt mit der Planung beginnen<\/h1>\t\t\t\t<\/div>\n\t\t\t\t<\/div>\n\t\t\t\t<div class=\"elementor-element elementor-element-64b783c elementor-widget elementor-widget-text-editor\" data-id=\"64b783c\" data-element_type=\"widget\" data-e-type=\"widget\" data-widget_type=\"text-editor.default\">\n\t\t\t\t<div class=\"elementor-widget-container\">\n\t\t\t\t\t\t\t\t\t<p>Unser Expertenteam steht Ihnen gerne zur Verf\u00fcgung. Kontaktieren Sie uns, um gemeinsam Ihren Familienurlaub zu planen.<\/p>\n\t\t\t\t\t\t\t\t<\/div>\n\t\t\t\t<\/div>\n\t\t<div class=\"elementor-element elementor-element-2c7f6ef e-con-full e-flex e-con e-child\" data-id=\"2c7f6ef\" data-element_type=\"container\" data-e-type=\"container\" data-settings=\"{&quot;jet_parallax_layout_list&quot;:[]}\">\n\t\t<div class=\"elementor-element elementor-element-066466d e-con-full e-flex e-con e-child\" data-id=\"066466d\" data-element_type=\"container\" data-e-type=\"container\" data-settings=\"{&quot;jet_parallax_layout_list&quot;:[]}\">\n\t\t\t\t<div class=\"elementor-element elementor-element-d0181ff elementor-widget elementor-widget-heading\" data-id=\"d0181ff\" data-element_type=\"widget\" data-e-type=\"widget\" data-widget_type=\"heading.default\">\n\t\t\t\t<div class=\"elementor-widget-container\">\n\t\t\t\t\t<h3 class=\"elementor-heading-title elementor-size-default\">Address<\/h3>\t\t\t\t<\/div>\n\t\t\t\t<\/div>\n\t\t\t\t<div class=\"elementor-element elementor-element-96f25a8 elementor-widget elementor-widget-text-editor\" data-id=\"96f25a8\" data-element_type=\"widget\" data-e-type=\"widget\" data-widget_type=\"text-editor.default\">\n\t\t\t\t<div class=\"elementor-widget-container\">\n\t\t\t\t\t\t\t\t\t<p><a href=\"https:\/\/g.page\/candiapark?share\" target=\"_blank\" rel=\"noopener\">Ag.Nikolaos, 72 100 Crete, Greece<\/a><\/p>\n\t\t\t\t\t\t\t\t<\/div>\n\t\t\t\t<\/div>\n\t\t\t\t<\/div>\n\t\t<div class=\"elementor-element elementor-element-74d42e6 e-con-full e-flex e-con e-child\" data-id=\"74d42e6\" data-element_type=\"container\" data-e-type=\"container\" data-settings=\"{&quot;jet_parallax_layout_list&quot;:[]}\">\n\t\t\t\t<div class=\"elementor-element elementor-element-e81cfa1 elementor-widget elementor-widget-heading\" data-id=\"e81cfa1\" data-element_type=\"widget\" data-e-type=\"widget\" data-widget_type=\"heading.default\">\n\t\t\t\t<div class=\"elementor-widget-container\">\n\t\t\t\t\t<h3 class=\"elementor-heading-title elementor-size-default\">Email<\/h3>\t\t\t\t<\/div>\n\t\t\t\t<\/div>\n\t\t\t\t<div class=\"elementor-element elementor-element-3da3794 elementor-widget elementor-widget-text-editor\" data-id=\"3da3794\" data-element_type=\"widget\" data-e-type=\"widget\" data-widget_type=\"text-editor.default\">\n\t\t\t\t<div class=\"elementor-widget-container\">\n\t\t\t\t\t\t\t\t\t<p><a href=\"mailto:info-candia@bluegr.com\" target=\"_blank\" rel=\"noopener\">info-candia@bluegr.com<\/a><\/p>\n\t\t\t\t\t\t\t\t<\/div>\n\t\t\t\t<\/div>\n\t\t\t\t<\/div>\n\t\t<div class=\"elementor-element elementor-element-0c927bb e-con-full e-flex e-con e-child\" data-id=\"0c927bb\" data-element_type=\"container\" data-e-type=\"container\" data-settings=\"{&quot;jet_parallax_layout_list&quot;:[]}\">\n\t\t\t\t<div class=\"elementor-element elementor-element-7757fe8 elementor-widget elementor-widget-heading\" data-id=\"7757fe8\" data-element_type=\"widget\" data-e-type=\"widget\" data-widget_type=\"heading.default\">\n\t\t\t\t<div class=\"elementor-widget-container\">\n\t\t\t\t\t<h3 class=\"elementor-heading-title elementor-size-default\">Telefon<\/h3>\t\t\t\t<\/div>\n\t\t\t\t<\/div>\n\t\t\t\t<div class=\"elementor-element elementor-element-a9ee41a elementor-widget elementor-widget-text-editor\" data-id=\"a9ee41a\" data-element_type=\"widget\" data-e-type=\"widget\" data-widget_type=\"text-editor.default\">\n\t\t\t\t<div class=\"elementor-widget-container\">\n\t\t\t\t\t\t\t\t\t<p><a href=\"tel:00302841026811\" target=\"_blank\" rel=\"noopener\">+30 28410 26811<\/a><\/p>\n\t\t\t\t\t\t\t\t<\/div>\n\t\t\t\t<\/div>\n\t\t\t\t<\/div>\n\t\t\t\t<\/div>\n\t\t\t\t<\/div>\n\t\t<div class=\"elementor-element elementor-element-c992cdf e-con-full e-flex e-con e-child\" data-id=\"c992cdf\" data-element_type=\"container\" data-e-type=\"container\" data-settings=\"{&quot;jet_parallax_layout_list&quot;:[]}\">\n\t\t\t\t<\/div>\n\t\t\t\t\t<\/div>\n\t\t\t\t<\/div>\n\t\t<div class=\"elementor-element elementor-element-267fa9e4 e-flex e-con-boxed e-con e-parent\" data-id=\"267fa9e4\" data-element_type=\"container\" data-e-type=\"container\" data-settings=\"{&quot;jet_parallax_layout_list&quot;:[],&quot;background_background&quot;:&quot;classic&quot;}\">\n\t\t\t\t\t<div class=\"e-con-inner\">\n\t\t<div class=\"elementor-element elementor-element-5e92441b e-con-full e-flex e-con e-child\" data-id=\"5e92441b\" data-element_type=\"container\" data-e-type=\"container\" data-settings=\"{&quot;jet_parallax_layout_list&quot;:[],&quot;background_background&quot;:&quot;classic&quot;}\">\n\t\t\t\t<div class=\"elementor-element elementor-element-cc6010c elementor-widget elementor-widget-google_maps\" data-id=\"cc6010c\" data-element_type=\"widget\" data-e-type=\"widget\" data-widget_type=\"google_maps.default\">\n\t\t\t\t<div class=\"elementor-widget-container\">\n\t\t\t\t\t\t\t<div class=\"elementor-custom-embed\">\n\t\t\t<iframe loading=\"lazy\"\n\t\t\t\t\tsrc=\"https:\/\/www.google.com\/maps\/embed\/v1\/place?key=AIzaSyBF7DiEUMqxX3DNfByvtIqqBvBBfiCee88&#038;q=Candia%20Park%20Village&#038;zoom=10\"\n\t\t\t\t\ttitle=\"Candia Park Village\"\n\t\t\t\t\taria-label=\"Candia Park Village\"\n\t\t\t><\/iframe>\n\t\t<\/div>\n\t\t\t\t\t\t<\/div>\n\t\t\t\t<\/div>\n\t\t\t\t<\/div>\n\t\t<div class=\"elementor-element elementor-element-2033106d e-con-full e-flex e-con e-child\" data-id=\"2033106d\" data-element_type=\"container\" data-e-type=\"container\" data-settings=\"{&quot;background_background&quot;:&quot;classic&quot;,&quot;jet_parallax_layout_list&quot;:[]}\">\n\t\t\t\t<div class=\"elementor-element elementor-element-cfd9323 elementor-widget elementor-widget-heading\" data-id=\"cfd9323\" data-element_type=\"widget\" data-e-type=\"widget\" data-widget_type=\"heading.default\">\n\t\t\t\t<div class=\"elementor-widget-container\">\n\t\t\t\t\t<h2 class=\"elementor-heading-title elementor-size-default\">Send us your Enquiry<\/h2>\t\t\t\t<\/div>\n\t\t\t\t<\/div>\n\t\t\t\t<div class=\"elementor-element elementor-element-3d5d118 elementor-widget elementor-widget-text-editor\" data-id=\"3d5d118\" data-element_type=\"widget\" data-e-type=\"widget\" data-widget_type=\"text-editor.default\">\n\t\t\t\t<div class=\"elementor-widget-container\">\n\t\t\t\t\t\t\t\t\t<p>Fill out the form below, and a member of our team will get back to you shortly.<\/p>\n\t\t\t\t\t\t\t\t<\/div>\n\t\t\t\t<\/div>\n\t\t\t\t<div class=\"elementor-element elementor-element-6f64b765 elementor-button-align-center elementor-widget elementor-widget-form\" data-id=\"6f64b765\" data-element_type=\"widget\" data-e-type=\"widget\" data-settings=\"{&quot;step_next_label&quot;:&quot;Next&quot;,&quot;step_previous_label&quot;:&quot;Previous&quot;,&quot;button_width&quot;:&quot;100&quot;,&quot;step_type&quot;:&quot;number_text&quot;,&quot;step_icon_shape&quot;:&quot;circle&quot;}\" data-widget_type=\"form.default\">\n\t\t\t\t<div class=\"elementor-widget-container\">\n\t\t\t\t\t\t\t<form class=\"elementor-form\" method=\"post\" name=\"New Form\" aria-label=\"New Form\">\n\t\t\t<input type=\"hidden\" name=\"post_id\" value=\"12738\"\/>\n\t\t\t<input type=\"hidden\" name=\"form_id\" value=\"6f64b765\"\/>\n\t\t\t<input type=\"hidden\" name=\"referer_title\" value=\"Candia Park Village\" \/>\n\n\t\t\t\n\t\t\t<div class=\"elementor-form-fields-wrapper elementor-labels-above\">\n\t\t\t\t\t\t\t\t<div class=\"elementor-field-type-text elementor-field-group elementor-column elementor-field-group-name elementor-col-100 elementor-field-required\">\n\t\t\t\t\t\t\t\t\t\t\t\t\t<input size=\"1\" type=\"text\" name=\"form_fields[name]\" id=\"form-field-name\" class=\"elementor-field elementor-size-sm  elementor-field-textual\" placeholder=\"Name*\" required=\"required\">\n\t\t\t\t\t\t\t\t\t\t\t<\/div>\n\t\t\t\t\t\t\t\t<div class=\"elementor-field-type-email elementor-field-group elementor-column elementor-field-group-email elementor-col-100 elementor-field-required\">\n\t\t\t\t\t\t\t\t\t\t\t\t\t<input size=\"1\" type=\"email\" name=\"form_fields[email]\" id=\"form-field-email\" class=\"elementor-field elementor-size-sm  elementor-field-textual\" placeholder=\"Email*\" required=\"required\">\n\t\t\t\t\t\t\t\t\t\t\t<\/div>\n\t\t\t\t\t\t\t\t<div class=\"elementor-field-type-tel elementor-field-group elementor-column elementor-field-group-telephone elementor-col-100\">\n\t\t\t\t\t\t\t<input size=\"1\" type=\"tel\" name=\"form_fields[telephone]\" id=\"form-field-telephone\" class=\"elementor-field elementor-size-sm  elementor-field-textual\" placeholder=\"Telephone\" pattern=\"[0-9()#&amp;+*-=.]+\" title=\"Nur Nummern oder Telefon-Zeichen (#, -, *, etc) werden akzeptiert.\">\n\n\t\t\t\t\t\t<\/div>\n\t\t\t\t\t\t\t\t<div class=\"elementor-field-type-textarea elementor-field-group elementor-column elementor-field-group-message elementor-col-100\">\n\t\t\t\t\t<textarea class=\"elementor-field-textual elementor-field  elementor-size-sm\" name=\"form_fields[message]\" id=\"form-field-message\" rows=\"4\" placeholder=\"Message*\"><\/textarea>\t\t\t\t<\/div>\n\t\t\t\t\t\t\t\t<div class=\"elementor-field-type-checkbox elementor-field-group elementor-column elementor-field-group-field_175500d elementor-col-100\">\n\t\t\t\t\t<div class=\"elementor-field-subgroup  \"><span class=\"elementor-field-option\"><input type=\"checkbox\" value=\"In Bezug auf die Anforderungen der EU-Verordnung 2016\/679 (DSGVO) stimme ich der Verarbeitung meiner personenbezogenen Daten gem\u00e4\u00df unserer Datenschutzerkl\u00e4rung zu.\" id=\"form-field-field_175500d-0\" name=\"form_fields[field_175500d]\"> <label for=\"form-field-field_175500d-0\">In Bezug auf die Anforderungen der EU-Verordnung 2016\/679 (DSGVO) stimme ich der Verarbeitung meiner personenbezogenen Daten gem\u00e4\u00df unserer Datenschutzerkl\u00e4rung zu.<\/label><\/span><\/div>\t\t\t\t<\/div>\n\t\t\t\t\t\t\t\t<div class=\"elementor-field-type-checkbox elementor-field-group elementor-column elementor-field-group-field_9d0e1df elementor-col-100\">\n\t\t\t\t\t<div class=\"elementor-field-subgroup  \"><span class=\"elementor-field-option\"><input type=\"checkbox\" value=\"Abonnieren Sie unseren Newsletter, um auf dem Laufenden zu bleiben und unsere neuesten Nachrichten und Sonderangebote zu erhalten.\" id=\"form-field-field_9d0e1df-0\" name=\"form_fields[field_9d0e1df]\"> <label for=\"form-field-field_9d0e1df-0\">Abonnieren Sie unseren Newsletter, um auf dem Laufenden zu bleiben und unsere neuesten Nachrichten und Sonderangebote zu erhalten.<\/label><\/span><\/div>\t\t\t\t<\/div>\n\t\t\t\t\t\t\t\t<div class=\"elementor-field-type-recaptcha elementor-field-group elementor-column elementor-field-group-field_f801260 elementor-col-100\">\n\t\t\t\t\t<div class=\"elementor-field\" id=\"form-field-field_f801260\"><div class=\"elementor-g-recaptcha\" data-sitekey=\"6LdAaC8sAAAAAH2l-lF5AS2a0RP8We95ypfvz7QI\" data-type=\"v2_checkbox\" data-theme=\"light\" data-size=\"normal\"><\/div><\/div>\t\t\t\t<\/div>\n\t\t\t\t\t\t\t\t<div class=\"elementor-field-group elementor-column elementor-field-type-submit elementor-col-100 e-form__buttons\">\n\t\t\t\t\t<button class=\"elementor-button elementor-size-sm\" type=\"submit\">\n\t\t\t\t\t\t<span class=\"elementor-button-content-wrapper\">\n\t\t\t\t\t\t\t\t\t\t\t\t\t\t\t\t\t\t\t\t\t\t<span class=\"elementor-button-text\">Apply<\/span>\n\t\t\t\t\t\t\t\t\t\t\t\t\t<\/span>\n\t\t\t\t\t<\/button>\n\t\t\t\t<\/div>\n\t\t\t<\/div>\n\t\t<\/form>\n\t\t\t\t\t\t<\/div>\n\t\t\t\t<\/div>\n\t\t\t\t<\/div>\n\t\t\t\t\t<\/div>\n\t\t\t\t<\/div>\n\t\t\t\t<\/div>\n\t\t","protected":false},"excerpt":{"rendered":"<p>Unser Expertenteam steht Ihnen gerne zur Verf\u00fcgung. Kontaktieren Sie uns, um gemeinsam Ihren Familienurlaub zu planen.<\/p>\n","protected":false},"author":1,"featured_media":12400,"parent":0,"menu_order":0,"comment_status":"closed","ping_status":"closed","template":"","meta":{"inline_featured_image":false,"_monsterinsights_skip_tracking":false,"_monsterinsights_sitenote_active":false,"_monsterinsights_sitenote_note":"","_monsterinsights_sitenote_category":0,"footnotes":""},"class_list":["post-12738","page","type-page","status-publish","has-post-thumbnail","hentry"],"yoast_head":"<!-- This site is optimized with the Yoast SEO plugin v25.9 - https:\/\/yoast.com\/wordpress\/plugins\/seo\/ -->\n<title>Kontakt - Candia Park Village - Kreta, Griechenland<\/title>\n<meta name=\"description\" content=\"Unser Expertenteam steht Ihnen gerne zur Verf\u00fcgung. Kontaktieren Sie uns, um gemeinsam Ihren Familienurlaub zu planen.\" \/>\n<meta name=\"robots\" content=\"index, follow, max-snippet:-1, max-image-preview:large, max-video-preview:-1\" \/>\n<link rel=\"canonical\" href=\"https:\/\/www.candiapark.com\/contact-us\/\" \/>\n<meta property=\"og:locale\" content=\"de_DE\" \/>\n<meta property=\"og:type\" content=\"article\" \/>\n<meta property=\"og:title\" content=\"Kontakt - Candia Park Village - Kreta, Griechenland\" \/>\n<meta property=\"og:description\" content=\"Unser Expertenteam steht Ihnen gerne zur Verf\u00fcgung. Kontaktieren Sie uns, um gemeinsam Ihren Familienurlaub zu planen.\" \/>\n<meta property=\"og:url\" content=\"https:\/\/www.candiapark.com\/contact-us\/\" \/>\n<meta property=\"og:site_name\" content=\"Candia Park Village\" \/>\n<meta property=\"article:modified_time\" content=\"2026-04-02T14:15:03+00:00\" \/>\n<meta property=\"og:image\" content=\"https:\/\/www.candiapark.com\/wp-content\/uploads\/sites\/10\/2025\/10\/About-Candia-Park-Village-Overview.jpg\" \/>\n\t<meta property=\"og:image:width\" content=\"1800\" \/>\n\t<meta property=\"og:image:height\" content=\"1200\" \/>\n\t<meta property=\"og:image:type\" content=\"image\/jpeg\" \/>\n<meta name=\"twitter:card\" content=\"summary_large_image\" \/>\n<script type=\"application\/ld+json\" class=\"yoast-schema-graph\">{\"@context\":\"https:\/\/schema.org\",\"@graph\":[{\"@type\":\"WebPage\",\"@id\":\"https:\/\/www.candiapark.com\/contact-us\/\",\"url\":\"https:\/\/www.candiapark.com\/contact-us\/\",\"name\":\"Kontakt - Candia Park Village - Kreta, Griechenland\",\"isPartOf\":{\"@id\":\"https:\/\/www.candiapark.com\/#website\"},\"primaryImageOfPage\":{\"@id\":\"https:\/\/www.candiapark.com\/contact-us\/#primaryimage\"},\"image\":{\"@id\":\"https:\/\/www.candiapark.com\/contact-us\/#primaryimage\"},\"thumbnailUrl\":\"https:\/\/www.candiapark.com\/wp-content\/uploads\/sites\/10\/2025\/10\/About-Candia-Park-Village-Overview.jpg\",\"datePublished\":\"2024-10-25T10:14:12+00:00\",\"dateModified\":\"2026-04-02T14:15:03+00:00\",\"description\":\"Unser Expertenteam steht Ihnen gerne zur Verf\u00fcgung. Kontaktieren Sie uns, um gemeinsam Ihren Familienurlaub zu planen.\",\"breadcrumb\":{\"@id\":\"https:\/\/www.candiapark.com\/contact-us\/#breadcrumb\"},\"inLanguage\":\"de\",\"potentialAction\":[{\"@type\":\"ReadAction\",\"target\":[\"https:\/\/www.candiapark.com\/contact-us\/\"]}]},{\"@type\":\"ImageObject\",\"inLanguage\":\"de\",\"@id\":\"https:\/\/www.candiapark.com\/contact-us\/#primaryimage\",\"url\":\"https:\/\/www.candiapark.com\/wp-content\/uploads\/sites\/10\/2025\/10\/About-Candia-Park-Village-Overview.jpg\",\"contentUrl\":\"https:\/\/www.candiapark.com\/wp-content\/uploads\/sites\/10\/2025\/10\/About-Candia-Park-Village-Overview.jpg\",\"width\":1800,\"height\":1200,\"caption\":\"About Candia Park Village Overview Curated Offers\"},{\"@type\":\"BreadcrumbList\",\"@id\":\"https:\/\/www.candiapark.com\/contact-us\/#breadcrumb\",\"itemListElement\":[{\"@type\":\"ListItem\",\"position\":1,\"name\":\"Home\",\"item\":\"https:\/\/www.candiapark.com\/de\/\"},{\"@type\":\"ListItem\",\"position\":2,\"name\":\"Kontakt\"}]},{\"@type\":\"WebSite\",\"@id\":\"https:\/\/www.candiapark.com\/#website\",\"url\":\"https:\/\/www.candiapark.com\/\",\"name\":\"Candia Park Village\",\"description\":\"Candia Park Village\",\"publisher\":{\"@id\":\"https:\/\/www.candiapark.com\/#organization\"},\"potentialAction\":[{\"@type\":\"SearchAction\",\"target\":{\"@type\":\"EntryPoint\",\"urlTemplate\":\"https:\/\/www.candiapark.com\/?s={search_term_string}\"},\"query-input\":{\"@type\":\"PropertyValueSpecification\",\"valueRequired\":true,\"valueName\":\"search_term_string\"}}],\"inLanguage\":\"de\"},{\"@type\":\"Organization\",\"@id\":\"https:\/\/www.candiapark.com\/#organization\",\"name\":\"Candia Park Village\",\"url\":\"https:\/\/www.candiapark.com\/\",\"logo\":{\"@type\":\"ImageObject\",\"inLanguage\":\"de\",\"@id\":\"https:\/\/www.candiapark.com\/#\/schema\/logo\/image\/\",\"url\":\"https:\/\/www.candiapark.com\/wp-content\/uploads\/sites\/10\/2024\/02\/Bluegr_CandiaPark_Logo.svg\",\"contentUrl\":\"https:\/\/www.candiapark.com\/wp-content\/uploads\/sites\/10\/2024\/02\/Bluegr_CandiaPark_Logo.svg\",\"caption\":\"Candia Park Village\"},\"image\":{\"@id\":\"https:\/\/www.candiapark.com\/#\/schema\/logo\/image\/\"}}]}<\/script>\n<!-- \/ Yoast SEO plugin. -->","yoast_head_json":{"title":"Kontakt - Candia Park Village - Kreta, Griechenland","description":"Unser Expertenteam steht Ihnen gerne zur Verf\u00fcgung. Kontaktieren Sie uns, um gemeinsam Ihren Familienurlaub zu planen.","robots":{"index":"index","follow":"follow","max-snippet":"max-snippet:-1","max-image-preview":"max-image-preview:large","max-video-preview":"max-video-preview:-1"},"canonical":"https:\/\/www.candiapark.com\/contact-us\/","og_locale":"de_DE","og_type":"article","og_title":"Kontakt - Candia Park Village - Kreta, Griechenland","og_description":"Unser Expertenteam steht Ihnen gerne zur Verf\u00fcgung. Kontaktieren Sie uns, um gemeinsam Ihren Familienurlaub zu planen.","og_url":"https:\/\/www.candiapark.com\/contact-us\/","og_site_name":"Candia Park Village","article_modified_time":"2026-04-02T14:15:03+00:00","og_image":[{"width":1800,"height":1200,"url":"https:\/\/www.candiapark.com\/wp-content\/uploads\/sites\/10\/2025\/10\/About-Candia-Park-Village-Overview.jpg","type":"image\/jpeg"}],"twitter_card":"summary_large_image","schema":{"@context":"https:\/\/schema.org","@graph":[{"@type":"WebPage","@id":"https:\/\/www.candiapark.com\/contact-us\/","url":"https:\/\/www.candiapark.com\/contact-us\/","name":"Kontakt - Candia Park Village - Kreta, Griechenland","isPartOf":{"@id":"https:\/\/www.candiapark.com\/#website"},"primaryImageOfPage":{"@id":"https:\/\/www.candiapark.com\/contact-us\/#primaryimage"},"image":{"@id":"https:\/\/www.candiapark.com\/contact-us\/#primaryimage"},"thumbnailUrl":"https:\/\/www.candiapark.com\/wp-content\/uploads\/sites\/10\/2025\/10\/About-Candia-Park-Village-Overview.jpg","datePublished":"2024-10-25T10:14:12+00:00","dateModified":"2026-04-02T14:15:03+00:00","description":"Unser Expertenteam steht Ihnen gerne zur Verf\u00fcgung. Kontaktieren Sie uns, um gemeinsam Ihren Familienurlaub zu planen.","breadcrumb":{"@id":"https:\/\/www.candiapark.com\/contact-us\/#breadcrumb"},"inLanguage":"de","potentialAction":[{"@type":"ReadAction","target":["https:\/\/www.candiapark.com\/contact-us\/"]}]},{"@type":"ImageObject","inLanguage":"de","@id":"https:\/\/www.candiapark.com\/contact-us\/#primaryimage","url":"https:\/\/www.candiapark.com\/wp-content\/uploads\/sites\/10\/2025\/10\/About-Candia-Park-Village-Overview.jpg","contentUrl":"https:\/\/www.candiapark.com\/wp-content\/uploads\/sites\/10\/2025\/10\/About-Candia-Park-Village-Overview.jpg","width":1800,"height":1200,"caption":"About Candia Park Village Overview Curated Offers"},{"@type":"BreadcrumbList","@id":"https:\/\/www.candiapark.com\/contact-us\/#breadcrumb","itemListElement":[{"@type":"ListItem","position":1,"name":"Home","item":"https:\/\/www.candiapark.com\/de\/"},{"@type":"ListItem","position":2,"name":"Kontakt"}]},{"@type":"WebSite","@id":"https:\/\/www.candiapark.com\/#website","url":"https:\/\/www.candiapark.com\/","name":"Candia Park Village","description":"Candia Park Village","publisher":{"@id":"https:\/\/www.candiapark.com\/#organization"},"potentialAction":[{"@type":"SearchAction","target":{"@type":"EntryPoint","urlTemplate":"https:\/\/www.candiapark.com\/?s={search_term_string}"},"query-input":{"@type":"PropertyValueSpecification","valueRequired":true,"valueName":"search_term_string"}}],"inLanguage":"de"},{"@type":"Organization","@id":"https:\/\/www.candiapark.com\/#organization","name":"Candia Park Village","url":"https:\/\/www.candiapark.com\/","logo":{"@type":"ImageObject","inLanguage":"de","@id":"https:\/\/www.candiapark.com\/#\/schema\/logo\/image\/","url":"https:\/\/www.candiapark.com\/wp-content\/uploads\/sites\/10\/2024\/02\/Bluegr_CandiaPark_Logo.svg","contentUrl":"https:\/\/www.candiapark.com\/wp-content\/uploads\/sites\/10\/2024\/02\/Bluegr_CandiaPark_Logo.svg","caption":"Candia Park Village"},"image":{"@id":"https:\/\/www.candiapark.com\/#\/schema\/logo\/image\/"}}]}},"_links":{"self":[{"href":"https:\/\/www.candiapark.com\/de\/wp-json\/wp\/v2\/pages\/12738","targetHints":{"allow":["GET"]}}],"collection":[{"href":"https:\/\/www.candiapark.com\/de\/wp-json\/wp\/v2\/pages"}],"about":[{"href":"https:\/\/www.candiapark.com\/de\/wp-json\/wp\/v2\/types\/page"}],"author":[{"embeddable":true,"href":"https:\/\/www.candiapark.com\/de\/wp-json\/wp\/v2\/users\/1"}],"replies":[{"embeddable":true,"href":"https:\/\/www.candiapark.com\/de\/wp-json\/wp\/v2\/comments?post=12738"}],"version-history":[{"count":6,"href":"https:\/\/www.candiapark.com\/de\/wp-json\/wp\/v2\/pages\/12738\/revisions"}],"predecessor-version":[{"id":13030,"href":"https:\/\/www.candiapark.com\/de\/wp-json\/wp\/v2\/pages\/12738\/revisions\/13030"}],"wp:featuredmedia":[{"embeddable":true,"href":"https:\/\/www.candiapark.com\/de\/wp-json\/wp\/v2\/media\/12400"}],"wp:attachment":[{"href":"https:\/\/www.candiapark.com\/de\/wp-json\/wp\/v2\/media?parent=12738"}],"curies":[{"name":"wp","href":"https:\/\/api.w.org\/{rel}","templated":true}]}}